{"id":25,"date":"2024-07-15T16:09:11","date_gmt":"2024-07-15T16:09:11","guid":{"rendered":"https:\/\/leblicqdeco.es\/?page_id=25"},"modified":"2026-04-10T13:12:56","modified_gmt":"2026-04-10T13:12:56","slug":"contacto","status":"publish","type":"page","link":"https:\/\/leblicqdeco.es\/fr\/contacto\/","title":{"rendered":"Contacto"},"content":{"rendered":"[et_pb_section fb_built=\u00bb1&#8243; _builder_version=\u00bb4.27.4&#8243; _module_preset=\u00bbdefault\u00bb background_color=\u00bbrgba(0,0,0,0.43)\u00bb background_image=\u00bbhttp:\/\/leblicqdeco.es\/wp-content\/uploads\/2025\/04\/Acabados-profesionales-pintura-exterior-alicante.jpg\u00bb background_position=\u00bbtop_right\u00bb background_horizontal_offset=\u00bb100%\u00bb background_vertical_offset=\u00bb54%\u00bb background_blend=\u00bbcolor\u00bb background_last_edited=\u00bbon|phone\u00bb background_horizontal_offset_phone=\u00bb46%\u00bb global_colors_info=\u00bb{}\u00bb][et_pb_row custom_padding_last_edited=\u00bbon|phone\u00bb _builder_version=\u00bb4.27.4&#8243; _module_preset=\u00bbdefault\u00bb background_color=\u00bb#712F4C\u00bb width=\u00bb100%\u00bb max_width=\u00bb685px\u00bb module_alignment=\u00bbleft\u00bb custom_margin=\u00bb76px|auto||auto|false|false\u00bb custom_padding=\u00bb|||74px|false|false\u00bb custom_padding_tablet=\u00bb|||74px|false|false\u00bb custom_padding_phone=\u00bb|||46px|false|false\u00bb box_shadow_style=\u00bbpreset1&#8243; box_shadow_blur=\u00bb13px\u00bb box_shadow_spread=\u00bb8px\u00bb global_colors_info=\u00bb{}\u00bb][et_pb_column type=\u00bb4_4&#8243; _builder_version=\u00bb4.24.2&#8243; _module_preset=\u00bbdefault\u00bb global_colors_info=\u00bb{}\u00bb][et_pb_text _builder_version=\u00bb4.25.2&#8243; _module_preset=\u00bbdefault\u00bb text_font=\u00bb|700|||||||\u00bb text_text_color=\u00bb#FFFFFF\u00bb text_font_size=\u00bb48px\u00bb text_line_height=\u00bb0.9em\u00bb header_font=\u00bb|700|||||||\u00bb header_text_color=\u00bb#FFFFFF\u00bb header_font_size=\u00bb48px\u00bb custom_margin=\u00bb5px||0px||false|false\u00bb custom_padding=\u00bb0px||0px||false|false\u00bb header_font_size_tablet=\u00bb48px\u00bb header_font_size_phone=\u00bb43px\u00bb header_font_size_last_edited=\u00bbon|phone\u00bb global_colors_info=\u00bb{}\u00bb]<div class=\"elementor-element elementor-element-033d7b2 elementor-widget__width-inherit elementor-absolute elementor-widget elementor-widget-heading\" data-id=\"033d7b2\" data-element_type=\"widget\" data-settings=\"{&quot;_position&quot;:&quot;absolute&quot;}\" data-widget_type=\"heading.default\">\n<h1 class=\"elementor-widget-container\"><span class=\"elementor-heading-title elementor-size-default\">Contacto<\/span><\/h1>\n<\/div>\n<div class=\"elementor-element elementor-element-759f952 elementor-widget__width-inherit elementor-absolute elementor-widget elementor-widget-heading\" data-id=\"759f952\" data-element_type=\"widget\" data-settings=\"{&quot;_position&quot;:&quot;absolute&quot;}\" data-widget_type=\"heading.default\"><\/div>[\/et_pb_text][\/et_pb_column][\/et_pb_row][et_pb_row _builder_version=\u00bb4.26.0&#8243; _module_preset=\u00bbdefault\u00bb module_alignment=\u00bbleft\u00bb custom_margin=\u00bb15px||0px||false|false\u00bb custom_padding=\u00bb||0px|53px|false|false\u00bb global_colors_info=\u00bb{}\u00bb][et_pb_column type=\u00bb4_4&#8243; _builder_version=\u00bb4.24.2&#8243; _module_preset=\u00bbdefault\u00bb global_colors_info=\u00bb{}\u00bb][et_pb_text _builder_version=\u00bb4.27.4&#8243; _module_preset=\u00bbdefault\u00bb text_font=\u00bb|300|||||||\u00bb text_text_color=\u00bb#FFFFFF\u00bb text_font_size=\u00bb26px\u00bb width=\u00bb50%\u00bb width_tablet=\u00bb50%\u00bb width_phone=\u00bb95%\u00bb width_last_edited=\u00bbon|phone\u00bb global_colors_info=\u00bb{}\u00bb]<span>Presupuesto r\u00e1pido, atenci\u00f3n directa y sin compromiso. Contacta con tu pintora de confianza en Alicante.<\/span>[\/et_pb_text][\/et_pb_column][\/et_pb_row][\/et_pb_section][et_pb_section fb_built=\u00bb1&#8243; _builder_version=\u00bb4.27.4&#8243; _module_preset=\u00bbdefault\u00bb global_colors_info=\u00bb{}\u00bb][et_pb_row _builder_version=\u00bb4.27.4&#8243; _module_preset=\u00bbdefault\u00bb global_colors_info=\u00bb{}\u00bb][et_pb_column type=\u00bb4_4&#8243; _builder_version=\u00bb4.27.4&#8243; _module_preset=\u00bbdefault\u00bb global_colors_info=\u00bb{}\u00bb][et_pb_text _builder_version=\u00bb4.27.4&#8243; _module_preset=\u00bbdefault\u00bb header_2_font=\u00bb|600|||||||\u00bb text_orientation=\u00bbcenter\u00bb global_colors_info=\u00bb{}\u00bb]<h2>\u00bfNecesitas un pintor en la Comunidad Valenciana?<\/h2>\n<p>Trabajamos a domicilio en Alicante, Elche, Gand\u00eda, Torrevieja, San Vicente del Raspeig y otras localidades cercanas dentro de la Comunidad Valenciana. Tambi\u00e9n atendemos zonas rurales o residenciales en los alrededores, siempre que est\u00e9n dentro de nuestro radio de trabajo. Nos adaptamos a tus horarios y necesidades para ofrecer un servicio c\u00f3modo, puntual y sin interrupciones innecesarias.<\/p>\n<p>Aunque no contamos con un local f\u00edsico abierto al p\u00fablico, eso no es ning\u00fan inconveniente: nos desplazamos directamente hasta tu vivienda, local o comunidad para valorar el trabajo, asesorarte y realizarlo con la mayor profesionalidad. Llevamos todos los materiales necesarios y dejamos el espacio limpio y listo para usar. Si est\u00e1s en la zona y necesitas una pintora de confianza, no dudes en contactarnos.<\/p>[\/et_pb_text][\/et_pb_column][\/et_pb_row][\/et_pb_section][et_pb_section fb_built=\u00bb1&#8243; _builder_version=\u00bb4.25.2&#8243; _module_preset=\u00bbdefault\u00bb custom_margin=\u00bb||||false|false\u00bb custom_padding=\u00bb0px||0px||false|false\u00bb locked=\u00bboff\u00bb global_colors_info=\u00bb{}\u00bb][et_pb_row column_structure=\u00bb1_2,1_2&#8243; use_custom_gutter=\u00bbon\u00bb gutter_width=\u00bb1&#8243; make_equal=\u00bbon\u00bb disabled_on=\u00bboff|off|off\u00bb _builder_version=\u00bb4.27.4&#8243; _module_preset=\u00bbdefault\u00bb width=\u00bb100%\u00bb max_width=\u00bb1841px\u00bb custom_margin=\u00bb0px||0px||false|false\u00bb custom_padding=\u00bb0px||0px||false|false\u00bb global_colors_info=\u00bb{}\u00bb][et_pb_column type=\u00bb1_2&#8243; _builder_version=\u00bb4.27.4&#8243; _module_preset=\u00bbdefault\u00bb background_color=\u00bb#000000&#8243; background_enable_image=\u00bboff\u00bb background_position=\u00bbtop_right\u00bb background_blend=\u00bbcolor\u00bb global_colors_info=\u00bb{}\u00bb][et_pb_text _builder_version=\u00bb4.27.4&#8243; _module_preset=\u00bbdefault\u00bb text_text_color=\u00bb#FFFFFF\u00bb link_text_color=\u00bb#c54f2e\u00bb link_font_size=\u00bb24px\u00bb header_text_color=\u00bb#FFFFFF\u00bb header_2_font=\u00bb|700|||||||\u00bb header_2_text_color=\u00bb#FFFFFF\u00bb header_2_font_size=\u00bb28px\u00bb header_3_font=\u00bb|700|||||||\u00bb header_3_text_color=\u00bb#FFFFFF\u00bb header_3_font_size=\u00bb28px\u00bb custom_margin=\u00bb107px|134px||134px|false|true\u00bb custom_margin_tablet=\u00bb107px|134px||134px|false|true\u00bb custom_margin_phone=\u00bb25px|15px|25px|15px|true|true\u00bb custom_margin_last_edited=\u00bbon|phone\u00bb hover_enabled=\u00bb0&#8243; global_colors_info=\u00bb{}\u00bb sticky_enabled=\u00bb0&#8243;]<h2 style=\"text-align: center;\"><span>\u00bfTienes un proyecto en mente?<\/span><\/h2>\n<h3 style=\"text-align: center;\"><span>Escr\u00edbenos sin compromiso<\/span><\/h3>\n<p style=\"text-align: center;\"><span>\u00bfQuieres pintar tu casa, eliminar el gotel\u00e9 o reparar humedades? En Leblicq Deco te ayudamos a renovar tus espacios con un servicio profesional, limpio y cercano.<br \/>Pide tu presupuesto sin compromiso.<\/span><\/p>\n<p style=\"text-align: center;\"><a href=\"tel:+34665561639\">+34 665 56 16 39<\/a><br \/><a href=\"mailto:leblicqflorence@hotmail.com%20\">leblicqflorence@hotmail.com<\/a> <\/p>[\/et_pb_text][et_pb_button button_url=\u00bbhttps:\/\/wa.me\/+34665561639&#8243; button_text=\u00bbIniciar Chat\u00bb button_alignment=\u00bbcenter\u00bb _builder_version=\u00bb4.27.4&#8243; _module_preset=\u00bbdefault\u00bb custom_button=\u00bbon\u00bb button_text_color=\u00bb#000000&#8243; button_bg_color=\u00bb#25d366&#8243; button_border_color=\u00bb#25d366&#8243; button_icon_color=\u00bb#000000&#8243; custom_margin=\u00bb29px||||false|false\u00bb custom_margin_tablet=\u00bb29px||||false|false\u00bb custom_margin_phone=\u00bb29px||29px||true|false\u00bb custom_margin_last_edited=\u00bbon|phone\u00bb global_colors_info=\u00bb{}\u00bb][\/et_pb_button][\/et_pb_column][et_pb_column type=\u00bb1_2&#8243; _builder_version=\u00bb4.16&#8243; _module_preset=\u00bbdefault\u00bb background_color=\u00bb#f4f4f4&#8243; global_colors_info=\u00bb{}\u00bb][et_pb_text _builder_version=\u00bb4.25.2&#8243; _module_preset=\u00bbdefault\u00bb text_text_color=\u00bb#000000&#8243; header_2_font=\u00bb|700|||||||\u00bb header_2_text_align=\u00bbleft\u00bb header_2_text_color=\u00bb#000000&#8243; header_2_font_size=\u00bb35px\u00bb header_3_font=\u00bb|700|||||||\u00bb header_3_text_align=\u00bbcenter\u00bb header_3_text_color=\u00bb#C6A475&#8243; header_3_font_size=\u00bb24px\u00bb header_3_line_height=\u00bb1.7em\u00bb width=\u00bb79%\u00bb module_alignment=\u00bbcenter\u00bb custom_margin=\u00bb90px||||false|false\u00bb locked=\u00bboff\u00bb global_colors_info=\u00bb{}\u00bb]<h2 style=\"text-align: center;\">Laissez-nous votre message<\/h2>[\/et_pb_text][et_pb_contact_form email=\u00bbleblicqflorence@hotmail.com\u00bb custom_message=\u00bbNombre: %%Nombre%%||et_pb_line_break_holder||Email: %%Email%%||et_pb_line_break_holder||Tel\u00e9fono: %%Tel\u00e9fono%%||et_pb_line_break_holder||Mensaje: %%Mensaje%%\u00bb success_message=\u00bbGracias por su mensaje, en breve nos pondremos en contacto.\u00bb _builder_version=\u00bb4.27.4&#8243; _module_preset=\u00bbdefault\u00bb _unique_id=\u00bba086ec74-1510-46d8-ab32-d6834ec843f2&#8243; form_field_background_color=\u00bb#FFFFFF\u00bb form_field_text_color=\u00bb#000000&#8243; custom_button=\u00bbon\u00bb button_text_color=\u00bb#712F4C\u00bb button_bg_color=\u00bb#E7B93C\u00bb button_border_color=\u00bb#E7B93C\u00bb custom_margin=\u00bb|70px|45px|70px|false|true\u00bb custom_margin_tablet=\u00bb|70px||70px|false|true\u00bb custom_margin_phone=\u00bb|20px|20px|20px|false|true\u00bb custom_margin_last_edited=\u00bbon|phone\u00bb border_width_bottom=\u00bb1px\u00bb global_module=\u00bb1199&#8243; saved_tabs=\u00bball\u00bb locked=\u00bboff\u00bb global_colors_info=\u00bb{}\u00bb][et_pb_contact_field field_id=\u00bbNombre\u00bb field_title=\u00bbNombre\u00bb _builder_version=\u00bb4.25.2&#8243; global_colors_info=\u00bb{}\u00bb button_text_size__hover_enabled=\u00bboff\u00bb button_one_text_size__hover_enabled=\u00bboff\u00bb button_two_text_size__hover_enabled=\u00bboff\u00bb button_text_color__hover_enabled=\u00bboff\u00bb button_one_text_color__hover_enabled=\u00bboff\u00bb button_two_text_color__hover_enabled=\u00bboff\u00bb button_border_width__hover_enabled=\u00bboff\u00bb button_one_border_width__hover_enabled=\u00bboff\u00bb button_two_border_width__hover_enabled=\u00bboff\u00bb button_border_color__hover_enabled=\u00bboff\u00bb button_one_border_color__hover_enabled=\u00bboff\u00bb button_two_border_color__hover_enabled=\u00bboff\u00bb button_border_radius__hover_enabled=\u00bboff\u00bb button_one_border_radius__hover_enabled=\u00bboff\u00bb button_two_border_radius__hover_enabled=\u00bboff\u00bb button_letter_spacing__hover_enabled=\u00bboff\u00bb button_one_letter_spacing__hover_enabled=\u00bboff\u00bb button_two_letter_spacing__hover_enabled=\u00bboff\u00bb button_bg_color__hover_enabled=\u00bboff\u00bb button_one_bg_color__hover_enabled=\u00bboff\u00bb button_two_bg_color__hover_enabled=\u00bboff\u00bb][\/et_pb_contact_field][et_pb_contact_field field_id=\u00bbTel\u00e9fono\u00bb field_title=\u00bbTel\u00e9fono\u00bb _builder_version=\u00bb4.25.2&#8243; _module_preset=\u00bbdefault\u00bb global_colors_info=\u00bb{}\u00bb][\/et_pb_contact_field][et_pb_contact_field field_id=\u00bbEmail\u00bb field_title=\u00bbEmail\u00bb field_type=\u00bbemail\u00bb fullwidth_field=\u00bbon\u00bb _builder_version=\u00bb4.25.2&#8243; global_colors_info=\u00bb{}\u00bb button_text_size__hover_enabled=\u00bboff\u00bb button_one_text_size__hover_enabled=\u00bboff\u00bb button_two_text_size__hover_enabled=\u00bboff\u00bb button_text_color__hover_enabled=\u00bboff\u00bb button_one_text_color__hover_enabled=\u00bboff\u00bb button_two_text_color__hover_enabled=\u00bboff\u00bb button_border_width__hover_enabled=\u00bboff\u00bb button_one_border_width__hover_enabled=\u00bboff\u00bb button_two_border_width__hover_enabled=\u00bboff\u00bb button_border_color__hover_enabled=\u00bboff\u00bb button_one_border_color__hover_enabled=\u00bboff\u00bb button_two_border_color__hover_enabled=\u00bboff\u00bb button_border_radius__hover_enabled=\u00bboff\u00bb button_one_border_radius__hover_enabled=\u00bboff\u00bb button_two_border_radius__hover_enabled=\u00bboff\u00bb button_letter_spacing__hover_enabled=\u00bboff\u00bb button_one_letter_spacing__hover_enabled=\u00bboff\u00bb button_two_letter_spacing__hover_enabled=\u00bboff\u00bb button_bg_color__hover_enabled=\u00bboff\u00bb button_one_bg_color__hover_enabled=\u00bboff\u00bb button_two_bg_color__hover_enabled=\u00bboff\u00bb][\/et_pb_contact_field][et_pb_contact_field field_id=\u00bbMensaje\u00bb field_title=\u00bb\u00bfC\u00f3mo podemos ayudarte?\u00bb field_type=\u00bbtext\u00bb fullwidth_field=\u00bbon\u00bb _builder_version=\u00bb4.25.2&#8243; global_colors_info=\u00bb{}\u00bb button_text_size__hover_enabled=\u00bboff\u00bb button_one_text_size__hover_enabled=\u00bboff\u00bb button_two_text_size__hover_enabled=\u00bboff\u00bb button_text_color__hover_enabled=\u00bboff\u00bb button_one_text_color__hover_enabled=\u00bboff\u00bb button_two_text_color__hover_enabled=\u00bboff\u00bb button_border_width__hover_enabled=\u00bboff\u00bb button_one_border_width__hover_enabled=\u00bboff\u00bb button_two_border_width__hover_enabled=\u00bboff\u00bb button_border_color__hover_enabled=\u00bboff\u00bb button_one_border_color__hover_enabled=\u00bboff\u00bb button_two_border_color__hover_enabled=\u00bboff\u00bb button_border_radius__hover_enabled=\u00bboff\u00bb button_one_border_radius__hover_enabled=\u00bboff\u00bb button_two_border_radius__hover_enabled=\u00bboff\u00bb button_letter_spacing__hover_enabled=\u00bboff\u00bb button_one_letter_spacing__hover_enabled=\u00bboff\u00bb button_two_letter_spacing__hover_enabled=\u00bboff\u00bb button_bg_color__hover_enabled=\u00bboff\u00bb button_one_bg_color__hover_enabled=\u00bboff\u00bb button_two_bg_color__hover_enabled=\u00bboff\u00bb][\/et_pb_contact_field][et_pb_contact_field field_id=\u00bbLegal\u00bb field_title=\u00bb \u00bb field_type=\u00bbcheckbox\u00bb checkbox_options=\u00bb%91{%22value%22:%22He le\u00eddo y acepto la %22,%22checked%22:0,%22dragID%22:-1,%22link_url%22:%22\/politica-de-privacidad\/%22,%22link_text%22:%22Pol\u00edtica de privacidad%22}%93&#8243; fullwidth_field=\u00bbon\u00bb _builder_version=\u00bb4.25.2&#8243; _module_preset=\u00bbdefault\u00bb form_field_background_color=\u00bb#FFFFFF\u00bb global_colors_info=\u00bb{}\u00bb][\/et_pb_contact_field][\/et_pb_contact_form][\/et_pb_column][\/et_pb_row][\/et_pb_section][et_pb_section fb_built=\u00bb1&#8243; _builder_version=\u00bb4.27.4&#8243; _module_preset=\u00bbdefault\u00bb custom_margin=\u00bb0px||0px||true|false\u00bb custom_padding=\u00bb0px||0px||true|false\u00bb global_colors_info=\u00bb{}\u00bb][et_pb_row _builder_version=\u00bb4.27.4&#8243; _module_preset=\u00bbdefault\u00bb width=\u00bb100%\u00bb max_width=\u00bb100%\u00bb custom_margin=\u00bb0px||0px||true|false\u00bb custom_padding=\u00bb0px||0px||true|false\u00bb global_colors_info=\u00bb{}\u00bb][et_pb_column type=\u00bb4_4&#8243; _builder_version=\u00bb4.27.4&#8243; _module_preset=\u00bbdefault\u00bb global_colors_info=\u00bb{}\u00bb][et_pb_code _builder_version=\u00bb4.27.4&#8243; _module_preset=\u00bbdefault\u00bb global_colors_info=\u00bb{}\u00bb]<iframe src=\"https:\/\/www.google.com\/maps\/embed?pb=!1m18!1m12!1m3!1d3162196.5924040196!2d-3.05953813592534!3d39.28637703798639!2m3!1f0!2f0!3f0!3m2!1i1024!2i768!4f13.1!3m3!1m2!1s0xd5dfc40cd8e310d%3A0x5f40cbb818310b5d!2sComunidad%20Valenciana!5e0!3m2!1ses!2ses!4v1744718035538!5m2!1ses!2ses\" width=\"100%\" height=\"300\" style=\"border:0;\" allowfullscreen=\"\" loading=\"lazy\" referrerpolicy=\"no-referrer-when-downgrade\" title=\"Carte de la Communaut\u00e9 valencienne\"><\/iframe>[\/et_pb_code][\/et_pb_column][\/et_pb_row][\/et_pb_section]","protected":false},"excerpt":{"rendered":"<p>Contacto Presupuesto r\u00e1pido, atenci\u00f3n directa y sin compromiso. Contacta con tu pintora de confianza en Alicante.\u00bfNecesitas un pintor en la Comunidad Valenciana? Trabajamos a domicilio en Alicante, Elche, Gand\u00eda, Torrevieja, San Vicente del Raspeig y otras localidades cercanas dentro de la Comunidad Valenciana. Tambi\u00e9n atendemos zonas rurales o residenciales en los alrededores, siempre que est\u00e9n [&hellip;]<\/p>","protected":false},"author":1,"featured_media":0,"parent":0,"menu_order":0,"comment_status":"closed","ping_status":"closed","template":"","meta":{"_et_pb_use_builder":"on","_et_pb_old_content":"","_et_gb_content_width":"","_joinchat":[],"footnotes":""},"class_list":["post-25","page","type-page","status-publish","hentry"],"yoast_head":"<!-- This site is optimized with the Yoast SEO plugin v27.4 - https:\/\/yoast.com\/product\/yoast-seo-wordpress\/ -->\n<title>Contacto y Presupuesto de Pintores | Leblicq Deco Alicante<\/title>\n<meta name=\"description\" content=\"\u00bfNecesitas pintar tu casa o negocio? Contacta con Leblicq Deco en Alicante. Presupuestos sin compromiso para pintura y decoraci\u00f3n profesional. \u00a1Ll\u00e1manos ahora!\" \/>\n<meta name=\"robots\" content=\"index, follow, max-snippet:-1, max-image-preview:large, max-video-preview:-1\" \/>\n<link rel=\"canonical\" href=\"https:\/\/leblicqdeco.es\/fr\/contacto\/\" \/>\n<meta property=\"og:locale\" content=\"fr_FR\" \/>\n<meta property=\"og:type\" content=\"article\" \/>\n<meta property=\"og:title\" content=\"Contacto y Presupuesto de Pintores | Leblicq Deco Alicante\" \/>\n<meta property=\"og:description\" content=\"\u00bfNecesitas pintar tu casa o negocio? Contacta con Leblicq Deco en Alicante. Presupuestos sin compromiso para pintura y decoraci\u00f3n profesional. \u00a1Ll\u00e1manos ahora!\" \/>\n<meta property=\"og:url\" content=\"https:\/\/leblicqdeco.es\/fr\/contacto\/\" \/>\n<meta property=\"og:site_name\" content=\"Leblicq Deco\" \/>\n<meta property=\"article:modified_time\" content=\"2026-04-10T13:12:56+00:00\" \/>\n<meta name=\"twitter:card\" content=\"summary_large_image\" \/>\n<meta name=\"twitter:label1\" content=\"Dur\u00e9e de lecture estim\u00e9e\" \/>\n\t<meta name=\"twitter:data1\" content=\"1 minute\" \/>\n<script type=\"application\/ld+json\" class=\"yoast-schema-graph\">{\"@context\":\"https:\\\/\\\/schema.org\",\"@graph\":[{\"@type\":\"WebPage\",\"@id\":\"https:\\\/\\\/leblicqdeco.es\\\/contacto\\\/\",\"url\":\"https:\\\/\\\/leblicqdeco.es\\\/contacto\\\/\",\"name\":\"Contacto y Presupuesto de Pintores | Leblicq Deco Alicante\",\"isPartOf\":{\"@id\":\"https:\\\/\\\/leblicqdeco.es\\\/#website\"},\"datePublished\":\"2024-07-15T16:09:11+00:00\",\"dateModified\":\"2026-04-10T13:12:56+00:00\",\"description\":\"\u00bfNecesitas pintar tu casa o negocio? Contacta con Leblicq Deco en Alicante. Presupuestos sin compromiso para pintura y decoraci\u00f3n profesional. \u00a1Ll\u00e1manos ahora!\",\"breadcrumb\":{\"@id\":\"https:\\\/\\\/leblicqdeco.es\\\/contacto\\\/#breadcrumb\"},\"inLanguage\":\"fr-FR\",\"potentialAction\":[{\"@type\":\"ReadAction\",\"target\":[\"https:\\\/\\\/leblicqdeco.es\\\/contacto\\\/\"]}]},{\"@type\":\"BreadcrumbList\",\"@id\":\"https:\\\/\\\/leblicqdeco.es\\\/contacto\\\/#breadcrumb\",\"itemListElement\":[{\"@type\":\"ListItem\",\"position\":1,\"name\":\"Portada\",\"item\":\"https:\\\/\\\/leblicqdeco.es\\\/\"},{\"@type\":\"ListItem\",\"position\":2,\"name\":\"Contacto\"}]},{\"@type\":\"WebSite\",\"@id\":\"https:\\\/\\\/leblicqdeco.es\\\/#website\",\"url\":\"https:\\\/\\\/leblicqdeco.es\\\/\",\"name\":\"Leblicq Deco\",\"description\":\"\",\"potentialAction\":[{\"@type\":\"SearchAction\",\"target\":{\"@type\":\"EntryPoint\",\"urlTemplate\":\"https:\\\/\\\/leblicqdeco.es\\\/?s={search_term_string}\"},\"query-input\":{\"@type\":\"PropertyValueSpecification\",\"valueRequired\":true,\"valueName\":\"search_term_string\"}}],\"inLanguage\":\"fr-FR\"}]}<\/script>\n<!-- \/ Yoast SEO plugin. -->","yoast_head_json":{"title":"Contacto y Presupuesto de Pintores | Leblicq Deco Alicante","description":"\u00bfNecesitas pintar tu casa o negocio? Contacta con Leblicq Deco en Alicante. Presupuestos sin compromiso para pintura y decoraci\u00f3n profesional. \u00a1Ll\u00e1manos ahora!","robots":{"index":"index","follow":"follow","max-snippet":"max-snippet:-1","max-image-preview":"max-image-preview:large","max-video-preview":"max-video-preview:-1"},"canonical":"https:\/\/leblicqdeco.es\/fr\/contacto\/","og_locale":"fr_FR","og_type":"article","og_title":"Contacto y Presupuesto de Pintores | Leblicq Deco Alicante","og_description":"\u00bfNecesitas pintar tu casa o negocio? Contacta con Leblicq Deco en Alicante. Presupuestos sin compromiso para pintura y decoraci\u00f3n profesional. \u00a1Ll\u00e1manos ahora!","og_url":"https:\/\/leblicqdeco.es\/fr\/contacto\/","og_site_name":"Leblicq Deco","article_modified_time":"2026-04-10T13:12:56+00:00","twitter_card":"summary_large_image","twitter_misc":{"Dur\u00e9e de lecture estim\u00e9e":"1 minute"},"schema":{"@context":"https:\/\/schema.org","@graph":[{"@type":"WebPage","@id":"https:\/\/leblicqdeco.es\/contacto\/","url":"https:\/\/leblicqdeco.es\/contacto\/","name":"Contacto y Presupuesto de Pintores | Leblicq Deco Alicante","isPartOf":{"@id":"https:\/\/leblicqdeco.es\/#website"},"datePublished":"2024-07-15T16:09:11+00:00","dateModified":"2026-04-10T13:12:56+00:00","description":"\u00bfNecesitas pintar tu casa o negocio? Contacta con Leblicq Deco en Alicante. Presupuestos sin compromiso para pintura y decoraci\u00f3n profesional. \u00a1Ll\u00e1manos ahora!","breadcrumb":{"@id":"https:\/\/leblicqdeco.es\/contacto\/#breadcrumb"},"inLanguage":"fr-FR","potentialAction":[{"@type":"ReadAction","target":["https:\/\/leblicqdeco.es\/contacto\/"]}]},{"@type":"BreadcrumbList","@id":"https:\/\/leblicqdeco.es\/contacto\/#breadcrumb","itemListElement":[{"@type":"ListItem","position":1,"name":"Portada","item":"https:\/\/leblicqdeco.es\/"},{"@type":"ListItem","position":2,"name":"Contacto"}]},{"@type":"WebSite","@id":"https:\/\/leblicqdeco.es\/#website","url":"https:\/\/leblicqdeco.es\/","name":"Leblicq Deco","description":"","potentialAction":[{"@type":"SearchAction","target":{"@type":"EntryPoint","urlTemplate":"https:\/\/leblicqdeco.es\/?s={search_term_string}"},"query-input":{"@type":"PropertyValueSpecification","valueRequired":true,"valueName":"search_term_string"}}],"inLanguage":"fr-FR"}]}},"_links":{"self":[{"href":"https:\/\/leblicqdeco.es\/fr\/wp-json\/wp\/v2\/pages\/25","targetHints":{"allow":["GET"]}}],"collection":[{"href":"https:\/\/leblicqdeco.es\/fr\/wp-json\/wp\/v2\/pages"}],"about":[{"href":"https:\/\/leblicqdeco.es\/fr\/wp-json\/wp\/v2\/types\/page"}],"author":[{"embeddable":true,"href":"https:\/\/leblicqdeco.es\/fr\/wp-json\/wp\/v2\/users\/1"}],"replies":[{"embeddable":true,"href":"https:\/\/leblicqdeco.es\/fr\/wp-json\/wp\/v2\/comments?post=25"}],"version-history":[{"count":0,"href":"https:\/\/leblicqdeco.es\/fr\/wp-json\/wp\/v2\/pages\/25\/revisions"}],"wp:attachment":[{"href":"https:\/\/leblicqdeco.es\/fr\/wp-json\/wp\/v2\/media?parent=25"}],"curies":[{"name":"wp","href":"https:\/\/api.w.org\/{rel}","templated":true}]}}