{"id":13,"date":"2024-07-15T16:04:57","date_gmt":"2024-07-15T16:04:57","guid":{"rendered":"https:\/\/leblicqdeco.es\/?page_id=13"},"modified":"2025-04-15T11:21:15","modified_gmt":"2025-04-15T11:21:15","slug":"declaracion-de-accesibilidad","status":"publish","type":"page","link":"https:\/\/leblicqdeco.es\/fr\/declaracion-de-accesibilidad\/","title":{"rendered":"Declaraci\u00f3n de accesibilidad"},"content":{"rendered":"<p>[et_pb_section fb_built=\u00bb1&#8243; _builder_version=\u00bb4.19.4&#8243; _module_preset=\u00bbdefault\u00bb global_colors_info=\u00bb{}\u00bb][et_pb_row _builder_version=\u00bb4.19.4&#8243; _module_preset=\u00bbdefault\u00bb global_colors_info=\u00bb{}\u00bb][et_pb_column type=\u00bb4_4&#8243; _builder_version=\u00bb4.19.4&#8243; _module_preset=\u00bbdefault\u00bb global_colors_info=\u00bb{}\u00bb][et_pb_text _builder_version=\u00bb4.19.4&#8243; _module_preset=\u00bbdefault\u00bb global_colors_info=\u00bb{}\u00bb]<\/p>\n<h1>DECLARACI\u00d3N DE ACCESIBILIDAD<\/h1>\n<p>[\/et_pb_text][et_pb_text _builder_version=\u00bb4.16.1&#8243; _module_preset=\u00bbdefault\u00bb global_colors_info=\u00bb{}\u00bb]<\/p>\n<p>Juan Carlos Mu\u00f1oz Ortega se ha comprometido a hacer accesible su sitio web de conformidad con el <span>\u00a0<\/span><a title=\"Real Decreto 1112\/2018, de 7 de septiembre, sobre accesibilidad de los sitios web y aplicaciones para dispositivos m\u00f3viles del sector p\u00fablico. (Abre en nueva ventana)\" href=\"http:\/\/www.boe.es\/diario_boe\/txt.php?id=BOE-A-2018-12699\" target=\"_blank\" rel=\"noopener\">Real Decreto 1112\/2018, de 7 de septiembre, sobre accesibilidad de los sitios web y aplicaciones para dispositivos m\u00f3viles del sector p\u00fablico.<img decoding=\"async\" alt=\"(Abre en nueva ventana)\" src=\"http:\/\/leblicqdeco.es\/wp-content\/uploads\/2024\/08\/ventana-nueva.gif\" class=\"ventana-nueva-next\" \/><\/a><\/p>\n<p>La presente declaraci\u00f3n de accesibilidad se aplica al sitio web <a href=\"https:\/\/leblicqdeco.es\/fr\/\">https:\/\/leblicqdeco.es\/<\/a><\/p>\n<p>&nbsp;<\/p>\n<article class=\"mod-detail\">\n<h2 class=\"md-title\"><\/h2>\n<h2 class=\"md-title\"><\/h2>\n<h2 class=\"md-title\"><\/h2>\n<h2 class=\"md-title\">Situaci\u00f3n de cumplimiento<\/h2>\n<p>Este sitio web es<span>\u00a0<\/span><strong class=\"strong\">parcialmente conforme<span>\u00a0<\/span><\/strong>con el RD 1112\/2018 debido a las excepciones y a\u00a0la falta de conformidad de los aspectos que se indican a continuaci\u00f3n.<\/p>\n<\/article>\n<article class=\"mod-detail\">\n<h2 class=\"md-title\"><\/h2>\n<h2 class=\"md-title\"><\/h2>\n<h2 class=\"md-title\">Contenido no accesible<\/h2>\n<p>El contenido que se recoge a continuaci\u00f3n no es accesible por lo siguiente:<\/p>\n<p><span class=\"negrita\">falta de conformidad con el RD 1112\/2018<\/span><\/p>\n<ul>\n<li>Existen logotipos e im\u00e1genes con texto alternativo incorrecto o confuso e im\u00e1genes complejas sin descripci\u00f3n textual <span class=\"cursiva\">[requisito n\u00famero 9.1.1.1 Contenido no textual, de UNE-EN 301549:2022].<\/span><\/li>\n<li>\u00a0Existen listas creadas de forma incorrecta (sin etiqueta de lista), tablas con celdas etiquetadas incorrectamente y etiquetas invisibles en elementos de\u00a0 \u00a0 \u00a0formularios<span class=\"cursiva\">\u00a0[requisito n\u00famero 9.1.3.1 Informaci\u00f3n y relaciones, de UNE-EN 301549:2022].<\/span><\/li>\n<li>Existen elementos que no son accesibles por teclado, como por ejemplo enlaces a redes sociales, el editor de textos para comentarios, elementos para ordenar resultados de b\u00fasqueda, la paginaci\u00f3n de los resultados de b\u00fasqueda o las flechas de calendario<span>\u00a0<\/span><span class=\"cursiva\">[requisito n\u00famero 9.2.1.1 Teclado, de UNE-EN 301549:2022].<\/span><\/li>\n<li>Hay elementos que no reciben el foco y por tanto no se puede interactuar con ellos mediante el teclado, por ejemplo<span>\u00a0<\/span><span class=\"cursiva\">[requisito n\u00famero 9.2.4.3 Orden del foco, de UNE-EN 301549:2022]<\/span>.<\/li>\n<li>Hay enlaces en los que no se identifica correctamente su funci\u00f3n (tienen una descripci\u00f3n inadecuada, un texto demasiado gen\u00e9rico, un title inadecuado&#8230;)<br \/><span class=\"cursiva\">[requisito n\u00famero 9.2.4.4 Prop\u00f3sito de los enlaces, de UNE-EN 301549:2022].<\/span><\/li>\n<li>Hay encabezados con texto repetido y\/o poco descriptivo<span>\u00a0<\/span><span class=\"cursiva\">[requisito n\u00famero 9.2.4.6 Encabezados y etiquetas, de UNE-EN 301549:2022].<\/span><\/li>\n<li>En alguna p\u00e1gina se est\u00e1 usando el mismo icono para diferentes prop\u00f3sitos, lo cual genera confunsi\u00f3n<span>\u00a0<\/span><span class=\"cursiva\">[requisito n\u00famero 9.3.2.4 Identificaci\u00f3n coherente, de UNE-EN 301549:2022]<\/span>.<\/li>\n<li>Existen p\u00e1ginas en las que los productos de apoyo no van a poder obtener informaci\u00f3n, interactuar y estar al corriente del estado de los controles de interfaz de usuario, como por ejemplo, mensajes de ayuda, mensajes de estado de resultado de acciones, atributos de enlaces, imagen de idioma de p\u00e1gina&#8230; que no podr\u00e1n ser le\u00eddo por lectores de pantalla en el momento en el que aparecen <span class=\"cursiva\">[requisito n\u00famero 9.4.1.2 Nombre, funci\u00f3n, valor de UNE-EN 301549:2022]<\/span>.<\/li>\n<li>Podr\u00edan existir fallos puntuales de edici\u00f3n en alguna p\u00e1gina web.<\/li>\n<\/ul>\n<ol>\n<li><span class=\"negrita\">carga desproporcionada<\/span>\n<ul>\n<li>No aplica<\/li>\n<\/ul>\n<\/li>\n<\/ol>\n<p>&nbsp;<\/p>\n<article class=\"mod-detail\">\n<h2 class=\"md-title\">Preparaci\u00f3n de la presente declaraci\u00f3n de accesibilidad<\/h2>\n<p>La presente declaraci\u00f3n fue preparada el 27 de Enero de 2023.<\/p>\n<p>El m\u00e9todo empleado para preparar la declaraci\u00f3n ha sido una autoevaluaci\u00f3n llevada a cabo por el propio organismo.<\/p>\n<p>\u00daltima revisi\u00f3n de la declaraci\u00f3n: 27 de Enero de 2023.<\/p>\n<\/article>\n<article class=\"mod-detail\">\n<h2 class=\"md-title\"><\/h2>\n<h2 class=\"md-title\"><\/h2>\n<h2 class=\"md-title\"><\/h2>\n<h2 class=\"md-title\">Observaciones y datos de contacto<\/h2>\n<div>\n<p>Puede realizar<span>\u00a0<\/span><span class=\"negrita\">comunicaciones<span>\u00a0<\/span><\/span>sobre requisitos de accesibilidad (art\u00edculo 10.2.a) del RD 1112\/2018) como por ejemplo:<\/p>\n<\/div>\n<div>\n<ul>\n<li>informar sobre cualquier posible<span>\u00a0<\/span><span class=\"negrita\">incumplimiento<\/span><span>\u00a0<\/span>por parte de este\u00a0sitio web<\/li>\n<li>transmitir otras<span>\u00a0<\/span><span class=\"negrita\">dificultades de acceso<span>\u00a0<\/span><\/span>al contenido<\/li>\n<li>formular cualquier otra<span>\u00a0<\/span><span class=\"negrita\">consulta o sugerencia de mejora<span>\u00a0<\/span><\/span>relativa a la accesibilidad del sitio web<\/li>\n<\/ul>\n<p>A\u00a0trav\u00e9s del siguiente<a href=\"mailto:info@institutoempresariosexito.com\"><span> Courriel<\/span><\/a><\/p>\n<\/div>\n<p>Puede presentar:<\/p>\n<ul>\n<li>una<span>\u00a0<\/span><span class=\"negrita\">Queja<span>\u00a0<\/span><\/span>relativa al cumplimiento de los requisitos del RD 1112\/2018 o<\/li>\n<li>una<span>\u00a0<\/span><span class=\"negrita\">Solicitud de Informaci\u00f3n accesible<span>\u00a0<\/span><\/span>relativa a:<span>\u00a0<\/span>\n<ul>\n<li><span class=\"negrita\">contenidos<span>\u00a0<\/span><\/span>que est\u00e1n<span>\u00a0<\/span><span class=\"negrita\">excluidos<\/span><span>\u00a0<\/span>del<span>\u00a0<\/span><span class=\"negrita\">\u00e1mbito de aplicaci\u00f3n<span>\u00a0<\/span><\/span>del RD 1112\/2018 seg\u00fan lo establecido por el art\u00edculo 3, apartado 4<\/li>\n<li><span class=\"negrita\">contenidos<span>\u00a0<\/span><\/span>que est\u00e1n<span>\u00a0<\/span><span class=\"negrita\">exentos<span>\u00a0<\/span><\/span>del<span>\u00a0<\/span><span class=\"negrita\">cumplimiento<span>\u00a0<\/span><\/span>de los requisitos de accesibilidad por imponer una<span>\u00a0<\/span><span class=\"negrita\">carga desproporcionada<\/span>.<\/li>\n<\/ul>\n<\/li>\n<\/ul>\n<p><span>En la Solicitud de informaci\u00f3n accesible, se debe concretar, con toda claridad, los hechos, razones y petici\u00f3n que permitan constatar que se trata de una solicitud razonable y leg\u00edtima.<\/span><\/p>\n<h2 class=\"md-title\"><\/h2>\n<h2 class=\"md-title\">Procedimiento de aplicaci\u00f3n<\/h2>\n<p>Si una vez realizada una solicitud de informaci\u00f3n accesible o queja, \u00e9sta hubiera sido desestimada, no se estuviera de acuerdo con la decisi\u00f3n adoptada, o la respuesta no cumpliera los requisitos contemplados en el art\u00edculo 12.5, la persona interesada podr\u00e1 iniciar una reclamaci\u00f3n. Igualmente se podr\u00e1 iniciar una reclamaci\u00f3n en el caso de que haya trascurrido el plazo de veinte d\u00edas h\u00e1biles sin haber obtenido respuesta.<\/p>\n<p>La reclamaci\u00f3n puede ser presentada trav\u00e9s del <a href=\"mailto:info@institutoempresariosexito.com\"><span>Courriel<\/span><\/a>, as\u00ed como en el resto de opciones recogidas en la Ley 39\/ 2015, de 1 de octubre, del Procedimiento Administrativo Com\u00fan de las Administraciones P\u00fablicas.<\/p>\n<p>Las reclamaciones ser\u00e1n recibidas y tratadas por Juan Carlos Mu\u00f1oz Ortega.<\/p>\n<\/article>\n<\/article>\n<p>[\/et_pb_text][\/et_pb_column][\/et_pb_row][\/et_pb_section]<\/p>","protected":false},"excerpt":{"rendered":"<p>DECLARACI\u00d3N DE ACCESIBILIDADJuan Carlos Mu\u00f1oz Ortega se ha comprometido a hacer accesible su sitio web de conformidad con el \u00a0Real Decreto 1112\/2018, de 7 de septiembre, sobre accesibilidad de los sitios web y aplicaciones para dispositivos m\u00f3viles del sector p\u00fablico. La presente declaraci\u00f3n de accesibilidad se aplica al sitio web https:\/\/leblicqdeco.es\/ &nbsp; Situaci\u00f3n de cumplimiento [&hellip;]<\/p>","protected":false},"author":1,"featured_media":0,"parent":0,"menu_order":0,"comment_status":"closed","ping_status":"closed","template":"","meta":{"_et_pb_use_builder":"on","_et_pb_old_content":"","_et_gb_content_width":"","_joinchat":[],"footnotes":""},"class_list":["post-13","page","type-page","status-publish","hentry"],"yoast_head":"<!-- This site is optimized with the Yoast SEO plugin v27.4 - https:\/\/yoast.com\/product\/yoast-seo-wordpress\/ -->\n<title>Declaraci\u00f3n de accesibilidad - Leblicq Deco<\/title>\n<meta name=\"robots\" content=\"noindex, follow\" \/>\n<meta property=\"og:locale\" content=\"fr_FR\" \/>\n<meta property=\"og:type\" content=\"article\" \/>\n<meta property=\"og:title\" content=\"Declaraci\u00f3n de accesibilidad - Leblicq Deco\" \/>\n<meta property=\"og:description\" content=\"DECLARACI\u00d3N DE ACCESIBILIDADJuan Carlos Mu\u00f1oz Ortega se ha comprometido a hacer accesible su sitio web de conformidad con el \u00a0Real Decreto 1112\/2018, de 7 de septiembre, sobre accesibilidad de los sitios web y aplicaciones para dispositivos m\u00f3viles del sector p\u00fablico. La presente declaraci\u00f3n de accesibilidad se aplica al sitio web https:\/\/leblicqdeco.es\/ &nbsp; Situaci\u00f3n de cumplimiento [&hellip;]\" \/>\n<meta property=\"og:url\" content=\"https:\/\/leblicqdeco.es\/fr\/declaracion-de-accesibilidad\/\" \/>\n<meta property=\"og:site_name\" content=\"Leblicq Deco\" \/>\n<meta property=\"article:modified_time\" content=\"2025-04-15T11:21:15+00:00\" \/>\n<meta property=\"og:image\" content=\"http:\/\/leblicqdeco.es\/wp-content\/uploads\/2024\/08\/ventana-nueva.gif\" \/>\n<meta name=\"twitter:card\" content=\"summary_large_image\" \/>\n<script type=\"application\/ld+json\" class=\"yoast-schema-graph\">{\"@context\":\"https:\\\/\\\/schema.org\",\"@graph\":[{\"@type\":\"WebPage\",\"@id\":\"https:\\\/\\\/leblicqdeco.es\\\/declaracion-de-accesibilidad\\\/\",\"url\":\"https:\\\/\\\/leblicqdeco.es\\\/declaracion-de-accesibilidad\\\/\",\"name\":\"Declaraci\u00f3n de accesibilidad - Leblicq Deco\",\"isPartOf\":{\"@id\":\"https:\\\/\\\/leblicqdeco.es\\\/#website\"},\"primaryImageOfPage\":{\"@id\":\"https:\\\/\\\/leblicqdeco.es\\\/declaracion-de-accesibilidad\\\/#primaryimage\"},\"image\":{\"@id\":\"https:\\\/\\\/leblicqdeco.es\\\/declaracion-de-accesibilidad\\\/#primaryimage\"},\"thumbnailUrl\":\"http:\\\/\\\/leblicqdeco.es\\\/wp-content\\\/uploads\\\/2024\\\/08\\\/ventana-nueva.gif\",\"datePublished\":\"2024-07-15T16:04:57+00:00\",\"dateModified\":\"2025-04-15T11:21:15+00:00\",\"breadcrumb\":{\"@id\":\"https:\\\/\\\/leblicqdeco.es\\\/declaracion-de-accesibilidad\\\/#breadcrumb\"},\"inLanguage\":\"fr-FR\",\"potentialAction\":[{\"@type\":\"ReadAction\",\"target\":[\"https:\\\/\\\/leblicqdeco.es\\\/declaracion-de-accesibilidad\\\/\"]}]},{\"@type\":\"ImageObject\",\"inLanguage\":\"fr-FR\",\"@id\":\"https:\\\/\\\/leblicqdeco.es\\\/declaracion-de-accesibilidad\\\/#primaryimage\",\"url\":\"http:\\\/\\\/leblicqdeco.es\\\/wp-content\\\/uploads\\\/2024\\\/08\\\/ventana-nueva.gif\",\"contentUrl\":\"http:\\\/\\\/leblicqdeco.es\\\/wp-content\\\/uploads\\\/2024\\\/08\\\/ventana-nueva.gif\"},{\"@type\":\"BreadcrumbList\",\"@id\":\"https:\\\/\\\/leblicqdeco.es\\\/declaracion-de-accesibilidad\\\/#breadcrumb\",\"itemListElement\":[{\"@type\":\"ListItem\",\"position\":1,\"name\":\"Portada\",\"item\":\"https:\\\/\\\/leblicqdeco.es\\\/\"},{\"@type\":\"ListItem\",\"position\":2,\"name\":\"Declaraci\u00f3n de accesibilidad\"}]},{\"@type\":\"WebSite\",\"@id\":\"https:\\\/\\\/leblicqdeco.es\\\/#website\",\"url\":\"https:\\\/\\\/leblicqdeco.es\\\/\",\"name\":\"Leblicq Deco\",\"description\":\"\",\"potentialAction\":[{\"@type\":\"SearchAction\",\"target\":{\"@type\":\"EntryPoint\",\"urlTemplate\":\"https:\\\/\\\/leblicqdeco.es\\\/?s={search_term_string}\"},\"query-input\":{\"@type\":\"PropertyValueSpecification\",\"valueRequired\":true,\"valueName\":\"search_term_string\"}}],\"inLanguage\":\"fr-FR\"}]}<\/script>\n<!-- \/ Yoast SEO plugin. -->","yoast_head_json":{"title":"Declaraci\u00f3n de accesibilidad - Leblicq Deco","robots":{"index":"noindex","follow":"follow"},"og_locale":"fr_FR","og_type":"article","og_title":"Declaraci\u00f3n de accesibilidad - Leblicq Deco","og_description":"DECLARACI\u00d3N DE ACCESIBILIDADJuan Carlos Mu\u00f1oz Ortega se ha comprometido a hacer accesible su sitio web de conformidad con el \u00a0Real Decreto 1112\/2018, de 7 de septiembre, sobre accesibilidad de los sitios web y aplicaciones para dispositivos m\u00f3viles del sector p\u00fablico. La presente declaraci\u00f3n de accesibilidad se aplica al sitio web https:\/\/leblicqdeco.es\/ &nbsp; Situaci\u00f3n de cumplimiento [&hellip;]","og_url":"https:\/\/leblicqdeco.es\/fr\/declaracion-de-accesibilidad\/","og_site_name":"Leblicq Deco","article_modified_time":"2025-04-15T11:21:15+00:00","og_image":[{"url":"http:\/\/leblicqdeco.es\/wp-content\/uploads\/2024\/08\/ventana-nueva.gif","type":"","width":"","height":""}],"twitter_card":"summary_large_image","schema":{"@context":"https:\/\/schema.org","@graph":[{"@type":"WebPage","@id":"https:\/\/leblicqdeco.es\/declaracion-de-accesibilidad\/","url":"https:\/\/leblicqdeco.es\/declaracion-de-accesibilidad\/","name":"Declaraci\u00f3n de accesibilidad - Leblicq Deco","isPartOf":{"@id":"https:\/\/leblicqdeco.es\/#website"},"primaryImageOfPage":{"@id":"https:\/\/leblicqdeco.es\/declaracion-de-accesibilidad\/#primaryimage"},"image":{"@id":"https:\/\/leblicqdeco.es\/declaracion-de-accesibilidad\/#primaryimage"},"thumbnailUrl":"http:\/\/leblicqdeco.es\/wp-content\/uploads\/2024\/08\/ventana-nueva.gif","datePublished":"2024-07-15T16:04:57+00:00","dateModified":"2025-04-15T11:21:15+00:00","breadcrumb":{"@id":"https:\/\/leblicqdeco.es\/declaracion-de-accesibilidad\/#breadcrumb"},"inLanguage":"fr-FR","potentialAction":[{"@type":"ReadAction","target":["https:\/\/leblicqdeco.es\/declaracion-de-accesibilidad\/"]}]},{"@type":"ImageObject","inLanguage":"fr-FR","@id":"https:\/\/leblicqdeco.es\/declaracion-de-accesibilidad\/#primaryimage","url":"http:\/\/leblicqdeco.es\/wp-content\/uploads\/2024\/08\/ventana-nueva.gif","contentUrl":"http:\/\/leblicqdeco.es\/wp-content\/uploads\/2024\/08\/ventana-nueva.gif"},{"@type":"BreadcrumbList","@id":"https:\/\/leblicqdeco.es\/declaracion-de-accesibilidad\/#breadcrumb","itemListElement":[{"@type":"ListItem","position":1,"name":"Portada","item":"https:\/\/leblicqdeco.es\/"},{"@type":"ListItem","position":2,"name":"Declaraci\u00f3n de accesibilidad"}]},{"@type":"WebSite","@id":"https:\/\/leblicqdeco.es\/#website","url":"https:\/\/leblicqdeco.es\/","name":"Leblicq Deco","description":"","potentialAction":[{"@type":"SearchAction","target":{"@type":"EntryPoint","urlTemplate":"https:\/\/leblicqdeco.es\/?s={search_term_string}"},"query-input":{"@type":"PropertyValueSpecification","valueRequired":true,"valueName":"search_term_string"}}],"inLanguage":"fr-FR"}]}},"_links":{"self":[{"href":"https:\/\/leblicqdeco.es\/fr\/wp-json\/wp\/v2\/pages\/13","targetHints":{"allow":["GET"]}}],"collection":[{"href":"https:\/\/leblicqdeco.es\/fr\/wp-json\/wp\/v2\/pages"}],"about":[{"href":"https:\/\/leblicqdeco.es\/fr\/wp-json\/wp\/v2\/types\/page"}],"author":[{"embeddable":true,"href":"https:\/\/leblicqdeco.es\/fr\/wp-json\/wp\/v2\/users\/1"}],"replies":[{"embeddable":true,"href":"https:\/\/leblicqdeco.es\/fr\/wp-json\/wp\/v2\/comments?post=13"}],"version-history":[{"count":0,"href":"https:\/\/leblicqdeco.es\/fr\/wp-json\/wp\/v2\/pages\/13\/revisions"}],"wp:attachment":[{"href":"https:\/\/leblicqdeco.es\/fr\/wp-json\/wp\/v2\/media?parent=13"}],"curies":[{"name":"wp","href":"https:\/\/api.w.org\/{rel}","templated":true}]}}