{"id":70,"date":"2024-07-16T06:10:15","date_gmt":"2024-07-16T06:10:15","guid":{"rendered":"https:\/\/leblicqdeco.es\/?page_id=70"},"modified":"2026-04-10T13:10:39","modified_gmt":"2026-04-10T13:10:39","slug":"sobre-mi","status":"publish","type":"page","link":"https:\/\/leblicqdeco.es\/en\/sobre-mi\/","title":{"rendered":"Sobre m\u00ed"},"content":{"rendered":"[et_pb_section fb_built=\u00bb1&#8243; _builder_version=\u00bb4.27.4&#8243; _module_preset=\u00bbdefault\u00bb background_color=\u00bbrgba(0,0,0,0.1)\u00bb background_image=\u00bbhttp:\/\/leblicqdeco.es\/wp-content\/uploads\/2025\/04\/fachada-recien-pintada.jpg\u00bb background_position=\u00bbtop_right\u00bb background_horizontal_offset=\u00bb100%\u00bb background_vertical_offset=\u00bb51%\u00bb background_blend=\u00bbcolor\u00bb background_last_edited=\u00bbon|desktop\u00bb background_horizontal_offset_phone=\u00bb46%\u00bb global_colors_info=\u00bb{}\u00bb][et_pb_row custom_padding_last_edited=\u00bbon|phone\u00bb _builder_version=\u00bb4.27.4&#8243; _module_preset=\u00bbdefault\u00bb background_color=\u00bb#712F4C\u00bb width=\u00bb100%\u00bb max_width=\u00bb685px\u00bb module_alignment=\u00bbleft\u00bb custom_margin=\u00bb76px|auto||auto|false|false\u00bb custom_padding=\u00bb|||74px|false|false\u00bb custom_padding_tablet=\u00bb|||74px|false|false\u00bb custom_padding_phone=\u00bb|||46px|false|false\u00bb box_shadow_style=\u00bbpreset1&#8243; box_shadow_blur=\u00bb13px\u00bb box_shadow_spread=\u00bb8px\u00bb global_colors_info=\u00bb{}\u00bb][et_pb_column type=\u00bb4_4&#8243; _builder_version=\u00bb4.24.2&#8243; _module_preset=\u00bbdefault\u00bb global_colors_info=\u00bb{}\u00bb][et_pb_text _builder_version=\u00bb4.27.4&#8243; _module_preset=\u00bbdefault\u00bb text_font=\u00bb|700|||||||\u00bb text_text_color=\u00bb#FFFFFF\u00bb text_font_size=\u00bb48px\u00bb text_line_height=\u00bb0.9em\u00bb header_font=\u00bb|700|||||||\u00bb header_text_color=\u00bb#FFFFFF\u00bb header_font_size=\u00bb48px\u00bb custom_margin=\u00bb5px||0px||false|false\u00bb custom_padding=\u00bb0px||0px||false|false\u00bb header_font_size_tablet=\u00bb48px\u00bb header_font_size_phone=\u00bb43px\u00bb header_font_size_last_edited=\u00bbon|phone\u00bb global_colors_info=\u00bb{}\u00bb]<div class=\"elementor-element elementor-element-033d7b2 elementor-widget__width-inherit elementor-absolute elementor-widget elementor-widget-heading\" data-id=\"033d7b2\" data-element_type=\"widget\" data-settings=\"{&quot;_position&quot;:&quot;absolute&quot;}\" data-widget_type=\"heading.default\">\n<h1 class=\"elementor-widget-container\"><span class=\"elementor-heading-title elementor-size-default\">Sobre m\u00ed<\/span><\/h1>\n<\/div>\n<div class=\"elementor-element elementor-element-759f952 elementor-widget__width-inherit elementor-absolute elementor-widget elementor-widget-heading\" data-id=\"759f952\" data-element_type=\"widget\" data-settings=\"{&quot;_position&quot;:&quot;absolute&quot;}\" data-widget_type=\"heading.default\"><\/div>[\/et_pb_text][\/et_pb_column][\/et_pb_row][et_pb_row _builder_version=\u00bb4.26.0&#8243; _module_preset=\u00bbdefault\u00bb module_alignment=\u00bbleft\u00bb custom_margin=\u00bb15px||0px||false|false\u00bb custom_padding=\u00bb||0px|53px|false|false\u00bb global_colors_info=\u00bb{}\u00bb][et_pb_column type=\u00bb4_4&#8243; _builder_version=\u00bb4.24.2&#8243; _module_preset=\u00bbdefault\u00bb global_colors_info=\u00bb{}\u00bb][et_pb_text _builder_version=\u00bb4.27.4&#8243; _module_preset=\u00bbdefault\u00bb text_font=\u00bb|300|||||||\u00bb text_text_color=\u00bb#FFFFFF\u00bb text_font_size=\u00bb26px\u00bb width=\u00bb50%\u00bb width_tablet=\u00bb50%\u00bb width_phone=\u00bb95%\u00bb width_last_edited=\u00bbon|phone\u00bb locked=\u00bboff\u00bb global_colors_info=\u00bb{}\u00bb]<p><span>Me especializo en pintura y decoraci\u00f3n de paredes y techos en interiores y exteriores de casas o locales.<\/span><\/p>[\/et_pb_text][\/et_pb_column][\/et_pb_row][\/et_pb_section][et_pb_section fb_built=\u00bb1&#8243; _builder_version=\u00bb4.24.2&#8243; _module_preset=\u00bbdefault\u00bb custom_padding=\u00bb96px|||||\u00bb global_colors_info=\u00bb{}\u00bb][et_pb_row column_structure=\u00bb1_4,3_4&#8243; use_custom_gutter=\u00bbon\u00bb gutter_width=\u00bb2&#8243; custom_padding_last_edited=\u00bbon|phone\u00bb _builder_version=\u00bb4.24.2&#8243; _module_preset=\u00bbdefault\u00bb width=\u00bb100%\u00bb max_width=\u00bb1178px\u00bb custom_padding=\u00bb|||||true\u00bb custom_padding_tablet=\u00bb|||||true\u00bb custom_padding_phone=\u00bb|31px||31px|false|true\u00bb global_colors_info=\u00bb{}\u00bb][et_pb_column type=\u00bb1_4&#8243; _builder_version=\u00bb4.24.2&#8243; _module_preset=\u00bbdefault\u00bb global_colors_info=\u00bb{}\u00bb][et_pb_text _builder_version=\u00bb4.25.2&#8243; _module_preset=\u00bbdefault\u00bb text_font=\u00bb|700|||||||\u00bb text_text_color=\u00bb#54595F\u00bb text_font_size=\u00bb55px\u00bb global_colors_info=\u00bb{}\u00bb]<p>+300<\/p>[\/et_pb_text][et_pb_text _builder_version=\u00bb4.25.2&#8243; _module_preset=\u00bbdefault\u00bb text_font=\u00bb|700|||||||\u00bb text_text_color=\u00bb#54595F\u00bb text_font_size=\u00bb29px\u00bb text_line_height=\u00bb1em\u00bb custom_margin=\u00bb27px||||false|false\u00bb global_colors_info=\u00bb{}\u00bb]<p>Servicios<br \/>realizados<\/p>[\/et_pb_text][\/et_pb_column][et_pb_column type=\u00bb3_4&#8243; _builder_version=\u00bb4.24.2&#8243; _module_preset=\u00bbdefault\u00bb global_colors_info=\u00bb{}\u00bb][et_pb_text _builder_version=\u00bb4.27.4&#8243; _module_preset=\u00bbdefault\u00bb text_font=\u00bb||||||||\u00bb text_text_color=\u00bb#54595F\u00bb text_font_size=\u00bb24px\u00bb text_line_height=\u00bb1em\u00bb global_colors_info=\u00bb{}\u00bb]<p>Pintor de interior y exterior con casi 20 a\u00f1os de experiencia. Despu\u00e9s de terminar mi formaci\u00f3n de 3 a\u00f1os como pintor, empec\u00e9 directamente como aut\u00f3nomo, primero en B\u00e9lgica y desde hace algunos a\u00f1os en Espa\u00f1a.<br \/>Mis fortalezas son mi gusto por el trabajo bien hecho, mi minuciosidad y la satisfacci\u00f3n de mis clientes. No dudes en ponerte en contacto conmigo si tienes proyectos de renovaci\u00f3n. \u00a1El presupuesto es gratuito!<\/p>[\/et_pb_text][\/et_pb_column][\/et_pb_row][et_pb_row _builder_version=\u00bb4.24.2&#8243; _module_preset=\u00bbdefault\u00bb width=\u00bb100%\u00bb custom_margin=\u00bb38px|auto||auto|false|false\u00bb global_colors_info=\u00bb{}\u00bb][et_pb_column type=\u00bb4_4&#8243; _builder_version=\u00bb4.24.2&#8243; _module_preset=\u00bbdefault\u00bb global_colors_info=\u00bb{}\u00bb][et_pb_text _builder_version=\u00bb4.27.4&#8243; _module_preset=\u00bbdefault\u00bb text_text_color=\u00bbgcid-8b36d65b-67c6-4d3b-a949-9cf1ecbc2a46&#8243; text_font_size=\u00bb16px\u00bb custom_padding_tablet=\u00bb\u00bb custom_padding_phone=\u00bb|23px||23px|false|true\u00bb custom_padding_last_edited=\u00bbon|phone\u00bb global_colors_info=\u00bb{%22gcid-8b36d65b-67c6-4d3b-a949-9cf1ecbc2a46%22:%91%22text_text_color%22%93}\u00bb]<h2>\u00bfQu\u00e9 ofrecemos en Leblicq Deco?<\/h2>En Leblicq Deco ofrecemos servicios de pintura profesional y mantenimiento de paredes en toda la provincia de Alicante. Nos especializamos en pintura interior y exterior, eliminaci\u00f3n de gotel\u00e9, alisado de superficies, reparaci\u00f3n de humedades y pintura decorativa de rejas, puertas met\u00e1licas y fachadas. Nuestro trabajo se caracteriza por la atenci\u00f3n al detalle, la limpieza durante la ejecuci\u00f3n y unos acabados duraderos. Si buscas una pintora aut\u00f3noma en Alicante que trabaje con seriedad, compromiso y trato cercano, est\u00e1s en el lugar adecuado.\n\n<h2>Servicios de pintura a domicilio en Alicante y alrededores<\/h2>\nAtiendo a clientes particulares y peque\u00f1os negocios en toda la provincia de Alicante. Trabajo a domicilio en Alicante capital, Elche, Gand\u00eda, San Vicente del Raspeig, Torrevieja, entre otras localidades.\nNo tengo local f\u00edsico, me desplazo directamente al lugar del proyecto, lo que me permite ofrecer un servicio m\u00e1s flexible y directo.[\/et_pb_text][\/et_pb_column][\/et_pb_row][\/et_pb_section][et_pb_section fb_built=\u00bb1&#8243; _builder_version=\u00bb4.27.4&#8243; _module_preset=\u00bbdefault\u00bb background_color=\u00bbrgba(0,0,0,0.35)\u00bb background_image=\u00bbhttp:\/\/leblicqdeco.es\/wp-content\/uploads\/2025\/04\/andamio-leblicq-deco.jpg\u00bb background_position=\u00bbbottom_center\u00bb background_vertical_offset=\u00bb27%\u00bb background_blend=\u00bbsoft-light\u00bb custom_padding=\u00bb41px||38px|||\u00bb locked=\u00bboff\u00bb global_colors_info=\u00bb{}\u00bb][et_pb_row _builder_version=\u00bb4.27.4&#8243; _module_preset=\u00bbdefault\u00bb custom_margin=\u00bb50px||50px||true|false\u00bb custom_margin_tablet=\u00bb50px||50px||true|false\u00bb custom_margin_phone=\u00bb50px||50px||true|false\u00bb custom_margin_last_edited=\u00bbon|desktop\u00bb global_colors_info=\u00bb{}\u00bb][et_pb_column type=\u00bb4_4&#8243; _builder_version=\u00bb4.24.2&#8243; _module_preset=\u00bbdefault\u00bb global_colors_info=\u00bb{}\u00bb][et_pb_text _builder_version=\u00bb4.27.4&#8243; _module_preset=\u00bbdefault\u00bb text_font=\u00bb|700|||||||\u00bb text_text_color=\u00bb#FFFFFF\u00bb text_font_size=\u00bb21px\u00bb text_line_height=\u00bb1.3em\u00bb header_font=\u00bb|700|||||||\u00bb header_text_color=\u00bb#C6A475&#8243; header_font_size=\u00bb23px\u00bb header_2_font=\u00bb|700||on|||||\u00bb header_2_text_align=\u00bbcenter\u00bb header_2_text_color=\u00bb#FFFFFF\u00bb header_2_font_size=\u00bb32px\u00bb header_2_line_height=\u00bb1.2em\u00bb text_orientation=\u00bbcenter\u00bb custom_margin=\u00bb||||false|false\u00bb locked=\u00bboff\u00bb global_colors_info=\u00bb{}\u00bb]<h2>Presupuesto sin compromiso<\/h2>\n<p>Contacta conmigo y te dar\u00e9 un presupuesto personalizado completamente gratuito y sin compromiso.<\/p>[\/et_pb_text][et_pb_button button_url=\u00bb\/contacto\/\u00bb button_text=\u00bbSolicita presupuesto\u00bb button_alignment=\u00bbcenter\u00bb _builder_version=\u00bb4.27.4&#8243; _module_preset=\u00bbdefault\u00bb custom_button=\u00bbon\u00bb button_text_size=\u00bb15px\u00bb button_text_color=\u00bb#FFFFFF\u00bb button_bg_color=\u00bbRGBA(255,255,255,0)\u00bb button_border_width=\u00bb2px\u00bb button_border_radius=\u00bb0px\u00bb button_font=\u00bb|700|||||||\u00bb custom_margin=\u00bb39px||4px||false|false\u00bb custom_padding=\u00bb8px|27px|8px|27px|true|true\u00bb locked=\u00bboff\u00bb global_colors_info=\u00bb{}\u00bb button_bg_color__hover_enabled=\u00bbon|hover\u00bb button_bg_color__hover=\u00bb#712F4C\u00bb button_bg_enable_color__hover=\u00bbon\u00bb button_border_color__hover_enabled=\u00bbon|hover\u00bb button_border_color__hover=\u00bb#712F4C\u00bb button_text_color__hover=\u00bb#FFFFFF\u00bb button_text_color__hover_enabled=\u00bbon|hover\u00bb][\/et_pb_button][\/et_pb_column][\/et_pb_row][\/et_pb_section][et_pb_section fb_built=\u00bb1&#8243; _builder_version=\u00bb4.25.2&#8243; _module_preset=\u00bbdefault\u00bb custom_margin=\u00bb||||false|false\u00bb custom_padding=\u00bb0px||0px||false|false\u00bb locked=\u00bboff\u00bb global_colors_info=\u00bb{}\u00bb][et_pb_row column_structure=\u00bb1_2,1_2&#8243; use_custom_gutter=\u00bbon\u00bb gutter_width=\u00bb1&#8243; make_equal=\u00bbon\u00bb disabled_on=\u00bboff|off|off\u00bb _builder_version=\u00bb4.27.4&#8243; _module_preset=\u00bbdefault\u00bb width=\u00bb100%\u00bb max_width=\u00bb1841px\u00bb custom_margin=\u00bb0px||0px||false|false\u00bb custom_padding=\u00bb0px||0px||false|false\u00bb global_colors_info=\u00bb{}\u00bb][et_pb_column type=\u00bb1_2&#8243; _builder_version=\u00bb4.27.4&#8243; _module_preset=\u00bbdefault\u00bb background_color=\u00bb#000000&#8243; background_enable_image=\u00bboff\u00bb background_position=\u00bbtop_right\u00bb background_blend=\u00bbcolor\u00bb global_colors_info=\u00bb{}\u00bb][et_pb_text _builder_version=\u00bb4.27.4&#8243; _module_preset=\u00bbdefault\u00bb text_text_color=\u00bb#FFFFFF\u00bb link_text_color=\u00bb#E7B93C\u00bb link_font_size=\u00bb24px\u00bb header_text_color=\u00bb#FFFFFF\u00bb header_2_font=\u00bb|700|||||||\u00bb header_2_text_color=\u00bb#FFFFFF\u00bb header_2_font_size=\u00bb28px\u00bb custom_margin=\u00bb107px|134px||134px|false|true\u00bb custom_margin_tablet=\u00bb107px|134px||134px|false|true\u00bb custom_margin_phone=\u00bb25px|15px|25px|15px|true|true\u00bb custom_margin_last_edited=\u00bbon|phone\u00bb hover_enabled=\u00bb0&#8243; global_colors_info=\u00bb{}\u00bb sticky_enabled=\u00bb0&#8243;]<h2 style=\"text-align: center;\"><span>Shall we talk about your project?<\/span><\/h2>\n<p style=\"text-align: center;\"><span>Tell us your idea and we will advise you without obligation.<br \/>You can write us by WhatsApp, call us, send us an email or use the form. Choose the way you prefer... we will get back to you as soon as possible!<\/span><\/p>\n<p style=\"text-align: center;\"><a href=\"tel:+34665561639\">+34 665 56 16 39<\/a><br \/><a href=\"mailto:leblicqflorence@hotmail.com%20\">leblicqflorence@hotmail.com<\/a> <\/p>[\/et_pb_text][et_pb_button button_url=\u00bbhttps:\/\/wa.me\/+34665561639&#8243; button_text=\u00bbIniciar Chat\u00bb button_alignment=\u00bbcenter\u00bb _builder_version=\u00bb4.27.4&#8243; _module_preset=\u00bbdefault\u00bb custom_button=\u00bbon\u00bb button_text_color=\u00bb#000000&#8243; button_bg_color=\u00bb#25d366&#8243; button_border_color=\u00bb#25d366&#8243; button_icon_color=\u00bb#000000&#8243; custom_margin=\u00bb29px||||false|false\u00bb custom_margin_tablet=\u00bb29px||||false|false\u00bb custom_margin_phone=\u00bb29px||29px||true|false\u00bb custom_margin_last_edited=\u00bbon|phone\u00bb global_colors_info=\u00bb{}\u00bb][\/et_pb_button][\/et_pb_column][et_pb_column type=\u00bb1_2&#8243; _builder_version=\u00bb4.16&#8243; _module_preset=\u00bbdefault\u00bb background_color=\u00bb#f4f4f4&#8243; global_colors_info=\u00bb{}\u00bb][et_pb_text _builder_version=\u00bb4.25.2&#8243; _module_preset=\u00bbdefault\u00bb text_text_color=\u00bb#000000&#8243; header_2_font=\u00bb|700|||||||\u00bb header_2_text_align=\u00bbleft\u00bb header_2_text_color=\u00bb#000000&#8243; header_2_font_size=\u00bb35px\u00bb header_3_font=\u00bb|700|||||||\u00bb header_3_text_align=\u00bbcenter\u00bb header_3_text_color=\u00bb#C6A475&#8243; header_3_font_size=\u00bb24px\u00bb header_3_line_height=\u00bb1.7em\u00bb width=\u00bb79%\u00bb module_alignment=\u00bbcenter\u00bb custom_margin=\u00bb90px||||false|false\u00bb locked=\u00bboff\u00bb global_colors_info=\u00bb{}\u00bb]<h2 style=\"text-align: center;\">Leave us your message<\/h2>[\/et_pb_text][et_pb_contact_form email=\u00bbleblicqflorence@hotmail.com\u00bb custom_message=\u00bbNombre: %%Nombre%%||et_pb_line_break_holder||Email: %%Email%%||et_pb_line_break_holder||Tel\u00e9fono: %%Tel\u00e9fono%%||et_pb_line_break_holder||Mensaje: %%Mensaje%%\u00bb success_message=\u00bbGracias por su mensaje, en breve nos pondremos en contacto.\u00bb _builder_version=\u00bb4.27.4&#8243; _module_preset=\u00bbdefault\u00bb _unique_id=\u00bba086ec74-1510-46d8-ab32-d6834ec843f2&#8243; form_field_background_color=\u00bb#FFFFFF\u00bb form_field_text_color=\u00bb#000000&#8243; custom_button=\u00bbon\u00bb button_text_color=\u00bb#712F4C\u00bb button_bg_color=\u00bb#E7B93C\u00bb button_border_color=\u00bb#E7B93C\u00bb custom_margin=\u00bb|70px|45px|70px|false|true\u00bb custom_margin_tablet=\u00bb|70px||70px|false|true\u00bb custom_margin_phone=\u00bb|20px|20px|20px|false|true\u00bb custom_margin_last_edited=\u00bbon|phone\u00bb border_width_bottom=\u00bb1px\u00bb global_module=\u00bb1199&#8243; saved_tabs=\u00bball\u00bb locked=\u00bboff\u00bb global_colors_info=\u00bb{}\u00bb][et_pb_contact_field field_id=\u00bbNombre\u00bb field_title=\u00bbNombre\u00bb _builder_version=\u00bb4.25.2&#8243; global_colors_info=\u00bb{}\u00bb button_text_size__hover_enabled=\u00bboff\u00bb button_one_text_size__hover_enabled=\u00bboff\u00bb button_two_text_size__hover_enabled=\u00bboff\u00bb button_text_color__hover_enabled=\u00bboff\u00bb button_one_text_color__hover_enabled=\u00bboff\u00bb button_two_text_color__hover_enabled=\u00bboff\u00bb button_border_width__hover_enabled=\u00bboff\u00bb button_one_border_width__hover_enabled=\u00bboff\u00bb button_two_border_width__hover_enabled=\u00bboff\u00bb button_border_color__hover_enabled=\u00bboff\u00bb button_one_border_color__hover_enabled=\u00bboff\u00bb button_two_border_color__hover_enabled=\u00bboff\u00bb button_border_radius__hover_enabled=\u00bboff\u00bb button_one_border_radius__hover_enabled=\u00bboff\u00bb button_two_border_radius__hover_enabled=\u00bboff\u00bb button_letter_spacing__hover_enabled=\u00bboff\u00bb button_one_letter_spacing__hover_enabled=\u00bboff\u00bb button_two_letter_spacing__hover_enabled=\u00bboff\u00bb button_bg_color__hover_enabled=\u00bboff\u00bb button_one_bg_color__hover_enabled=\u00bboff\u00bb button_two_bg_color__hover_enabled=\u00bboff\u00bb][\/et_pb_contact_field][et_pb_contact_field field_id=\u00bbTel\u00e9fono\u00bb field_title=\u00bbTel\u00e9fono\u00bb _builder_version=\u00bb4.25.2&#8243; _module_preset=\u00bbdefault\u00bb global_colors_info=\u00bb{}\u00bb][\/et_pb_contact_field][et_pb_contact_field field_id=\u00bbEmail\u00bb field_title=\u00bbEmail\u00bb field_type=\u00bbemail\u00bb fullwidth_field=\u00bbon\u00bb _builder_version=\u00bb4.25.2&#8243; global_colors_info=\u00bb{}\u00bb button_text_size__hover_enabled=\u00bboff\u00bb button_one_text_size__hover_enabled=\u00bboff\u00bb button_two_text_size__hover_enabled=\u00bboff\u00bb button_text_color__hover_enabled=\u00bboff\u00bb button_one_text_color__hover_enabled=\u00bboff\u00bb button_two_text_color__hover_enabled=\u00bboff\u00bb button_border_width__hover_enabled=\u00bboff\u00bb button_one_border_width__hover_enabled=\u00bboff\u00bb button_two_border_width__hover_enabled=\u00bboff\u00bb button_border_color__hover_enabled=\u00bboff\u00bb button_one_border_color__hover_enabled=\u00bboff\u00bb button_two_border_color__hover_enabled=\u00bboff\u00bb button_border_radius__hover_enabled=\u00bboff\u00bb button_one_border_radius__hover_enabled=\u00bboff\u00bb button_two_border_radius__hover_enabled=\u00bboff\u00bb button_letter_spacing__hover_enabled=\u00bboff\u00bb button_one_letter_spacing__hover_enabled=\u00bboff\u00bb button_two_letter_spacing__hover_enabled=\u00bboff\u00bb button_bg_color__hover_enabled=\u00bboff\u00bb button_one_bg_color__hover_enabled=\u00bboff\u00bb button_two_bg_color__hover_enabled=\u00bboff\u00bb][\/et_pb_contact_field][et_pb_contact_field field_id=\u00bbMensaje\u00bb field_title=\u00bb\u00bfC\u00f3mo podemos ayudarte?\u00bb field_type=\u00bbtext\u00bb fullwidth_field=\u00bbon\u00bb _builder_version=\u00bb4.25.2&#8243; global_colors_info=\u00bb{}\u00bb button_text_size__hover_enabled=\u00bboff\u00bb button_one_text_size__hover_enabled=\u00bboff\u00bb button_two_text_size__hover_enabled=\u00bboff\u00bb button_text_color__hover_enabled=\u00bboff\u00bb button_one_text_color__hover_enabled=\u00bboff\u00bb button_two_text_color__hover_enabled=\u00bboff\u00bb button_border_width__hover_enabled=\u00bboff\u00bb button_one_border_width__hover_enabled=\u00bboff\u00bb button_two_border_width__hover_enabled=\u00bboff\u00bb button_border_color__hover_enabled=\u00bboff\u00bb button_one_border_color__hover_enabled=\u00bboff\u00bb button_two_border_color__hover_enabled=\u00bboff\u00bb button_border_radius__hover_enabled=\u00bboff\u00bb button_one_border_radius__hover_enabled=\u00bboff\u00bb button_two_border_radius__hover_enabled=\u00bboff\u00bb button_letter_spacing__hover_enabled=\u00bboff\u00bb button_one_letter_spacing__hover_enabled=\u00bboff\u00bb button_two_letter_spacing__hover_enabled=\u00bboff\u00bb button_bg_color__hover_enabled=\u00bboff\u00bb button_one_bg_color__hover_enabled=\u00bboff\u00bb button_two_bg_color__hover_enabled=\u00bboff\u00bb][\/et_pb_contact_field][et_pb_contact_field field_id=\u00bbLegal\u00bb field_title=\u00bb \u00bb field_type=\u00bbcheckbox\u00bb checkbox_options=\u00bb%91{%22value%22:%22He le\u00eddo y acepto la %22,%22checked%22:0,%22dragID%22:-1,%22link_url%22:%22\/politica-de-privacidad\/%22,%22link_text%22:%22Pol\u00edtica de privacidad%22}%93&#8243; fullwidth_field=\u00bbon\u00bb _builder_version=\u00bb4.25.2&#8243; _module_preset=\u00bbdefault\u00bb form_field_background_color=\u00bb#FFFFFF\u00bb global_colors_info=\u00bb{}\u00bb][\/et_pb_contact_field][\/et_pb_contact_form][\/et_pb_column][\/et_pb_row][\/et_pb_section]","protected":false},"excerpt":{"rendered":"<p>Sobre m\u00ed Me especializo en pintura y decoraci\u00f3n de paredes y techos en interiores y exteriores de casas o locales.+300ServiciosrealizadosPintor de interior y exterior con casi 20 a\u00f1os de experiencia. Despu\u00e9s de terminar mi formaci\u00f3n de 3 a\u00f1os como pintor, empec\u00e9 directamente como aut\u00f3nomo, primero en B\u00e9lgica y desde hace algunos a\u00f1os en Espa\u00f1a.Mis fortalezas [&hellip;]<\/p>","protected":false},"author":1,"featured_media":0,"parent":0,"menu_order":0,"comment_status":"closed","ping_status":"closed","template":"","meta":{"_et_pb_use_builder":"on","_et_pb_old_content":"<!-- wp:divi\/placeholder \/-->","_et_gb_content_width":"","_joinchat":[],"footnotes":""},"class_list":["post-70","page","type-page","status-publish","hentry"],"yoast_head":"<!-- This site is optimized with the Yoast SEO plugin v27.4 - https:\/\/yoast.com\/product\/yoast-seo-wordpress\/ -->\n<title>Sobre Leblicq Deco | Expertos Pintores en Alicante<\/title>\n<meta name=\"description\" content=\"LConoce la trayectoria de Leblicq Deco, especialistas en pintura y alta decoraci\u00f3n en Alicante. Pasi\u00f3n por los detalles y acabados de alta calidad. \u00a1Inf\u00f3rmate!\" \/>\n<meta name=\"robots\" content=\"index, follow, max-snippet:-1, max-image-preview:large, max-video-preview:-1\" \/>\n<link rel=\"canonical\" href=\"https:\/\/leblicqdeco.es\/en\/sobre-mi\/\" \/>\n<meta property=\"og:locale\" content=\"en_GB\" \/>\n<meta property=\"og:type\" content=\"article\" \/>\n<meta property=\"og:title\" content=\"Sobre Leblicq Deco | Expertos Pintores en Alicante\" \/>\n<meta property=\"og:description\" content=\"LConoce la trayectoria de Leblicq Deco, especialistas en pintura y alta decoraci\u00f3n en Alicante. Pasi\u00f3n por los detalles y acabados de alta calidad. \u00a1Inf\u00f3rmate!\" \/>\n<meta property=\"og:url\" content=\"https:\/\/leblicqdeco.es\/en\/sobre-mi\/\" \/>\n<meta property=\"og:site_name\" content=\"Leblicq Deco\" \/>\n<meta property=\"article:modified_time\" content=\"2026-04-10T13:10:39+00:00\" \/>\n<meta name=\"twitter:card\" content=\"summary_large_image\" \/>\n<meta name=\"twitter:label1\" content=\"Estimated reading time\" \/>\n\t<meta name=\"twitter:data1\" content=\"2 minutes\" \/>\n<script type=\"application\/ld+json\" class=\"yoast-schema-graph\">{\"@context\":\"https:\\\/\\\/schema.org\",\"@graph\":[{\"@type\":\"WebPage\",\"@id\":\"https:\\\/\\\/leblicqdeco.es\\\/sobre-mi\\\/\",\"url\":\"https:\\\/\\\/leblicqdeco.es\\\/sobre-mi\\\/\",\"name\":\"Sobre Leblicq Deco | Expertos Pintores en Alicante\",\"isPartOf\":{\"@id\":\"https:\\\/\\\/leblicqdeco.es\\\/#website\"},\"datePublished\":\"2024-07-16T06:10:15+00:00\",\"dateModified\":\"2026-04-10T13:10:39+00:00\",\"description\":\"LConoce la trayectoria de Leblicq Deco, especialistas en pintura y alta decoraci\u00f3n en Alicante. Pasi\u00f3n por los detalles y acabados de alta calidad. \u00a1Inf\u00f3rmate!\",\"breadcrumb\":{\"@id\":\"https:\\\/\\\/leblicqdeco.es\\\/sobre-mi\\\/#breadcrumb\"},\"inLanguage\":\"en-GB\",\"potentialAction\":[{\"@type\":\"ReadAction\",\"target\":[\"https:\\\/\\\/leblicqdeco.es\\\/sobre-mi\\\/\"]}]},{\"@type\":\"BreadcrumbList\",\"@id\":\"https:\\\/\\\/leblicqdeco.es\\\/sobre-mi\\\/#breadcrumb\",\"itemListElement\":[{\"@type\":\"ListItem\",\"position\":1,\"name\":\"Portada\",\"item\":\"https:\\\/\\\/leblicqdeco.es\\\/\"},{\"@type\":\"ListItem\",\"position\":2,\"name\":\"Sobre m\u00ed\"}]},{\"@type\":\"WebSite\",\"@id\":\"https:\\\/\\\/leblicqdeco.es\\\/#website\",\"url\":\"https:\\\/\\\/leblicqdeco.es\\\/\",\"name\":\"Leblicq Deco\",\"description\":\"\",\"potentialAction\":[{\"@type\":\"SearchAction\",\"target\":{\"@type\":\"EntryPoint\",\"urlTemplate\":\"https:\\\/\\\/leblicqdeco.es\\\/?s={search_term_string}\"},\"query-input\":{\"@type\":\"PropertyValueSpecification\",\"valueRequired\":true,\"valueName\":\"search_term_string\"}}],\"inLanguage\":\"en-GB\"}]}<\/script>\n<!-- \/ Yoast SEO plugin. -->","yoast_head_json":{"title":"Sobre Leblicq Deco | Expertos Pintores en Alicante","description":"LConoce la trayectoria de Leblicq Deco, especialistas en pintura y alta decoraci\u00f3n en Alicante. Pasi\u00f3n por los detalles y acabados de alta calidad. \u00a1Inf\u00f3rmate!","robots":{"index":"index","follow":"follow","max-snippet":"max-snippet:-1","max-image-preview":"max-image-preview:large","max-video-preview":"max-video-preview:-1"},"canonical":"https:\/\/leblicqdeco.es\/en\/sobre-mi\/","og_locale":"en_GB","og_type":"article","og_title":"Sobre Leblicq Deco | Expertos Pintores en Alicante","og_description":"LConoce la trayectoria de Leblicq Deco, especialistas en pintura y alta decoraci\u00f3n en Alicante. Pasi\u00f3n por los detalles y acabados de alta calidad. \u00a1Inf\u00f3rmate!","og_url":"https:\/\/leblicqdeco.es\/en\/sobre-mi\/","og_site_name":"Leblicq Deco","article_modified_time":"2026-04-10T13:10:39+00:00","twitter_card":"summary_large_image","twitter_misc":{"Estimated reading time":"2 minutes"},"schema":{"@context":"https:\/\/schema.org","@graph":[{"@type":"WebPage","@id":"https:\/\/leblicqdeco.es\/sobre-mi\/","url":"https:\/\/leblicqdeco.es\/sobre-mi\/","name":"Sobre Leblicq Deco | Expertos Pintores en Alicante","isPartOf":{"@id":"https:\/\/leblicqdeco.es\/#website"},"datePublished":"2024-07-16T06:10:15+00:00","dateModified":"2026-04-10T13:10:39+00:00","description":"LConoce la trayectoria de Leblicq Deco, especialistas en pintura y alta decoraci\u00f3n en Alicante. Pasi\u00f3n por los detalles y acabados de alta calidad. \u00a1Inf\u00f3rmate!","breadcrumb":{"@id":"https:\/\/leblicqdeco.es\/sobre-mi\/#breadcrumb"},"inLanguage":"en-GB","potentialAction":[{"@type":"ReadAction","target":["https:\/\/leblicqdeco.es\/sobre-mi\/"]}]},{"@type":"BreadcrumbList","@id":"https:\/\/leblicqdeco.es\/sobre-mi\/#breadcrumb","itemListElement":[{"@type":"ListItem","position":1,"name":"Portada","item":"https:\/\/leblicqdeco.es\/"},{"@type":"ListItem","position":2,"name":"Sobre m\u00ed"}]},{"@type":"WebSite","@id":"https:\/\/leblicqdeco.es\/#website","url":"https:\/\/leblicqdeco.es\/","name":"Leblicq Deco","description":"","potentialAction":[{"@type":"SearchAction","target":{"@type":"EntryPoint","urlTemplate":"https:\/\/leblicqdeco.es\/?s={search_term_string}"},"query-input":{"@type":"PropertyValueSpecification","valueRequired":true,"valueName":"search_term_string"}}],"inLanguage":"en-GB"}]}},"_links":{"self":[{"href":"https:\/\/leblicqdeco.es\/en\/wp-json\/wp\/v2\/pages\/70","targetHints":{"allow":["GET"]}}],"collection":[{"href":"https:\/\/leblicqdeco.es\/en\/wp-json\/wp\/v2\/pages"}],"about":[{"href":"https:\/\/leblicqdeco.es\/en\/wp-json\/wp\/v2\/types\/page"}],"author":[{"embeddable":true,"href":"https:\/\/leblicqdeco.es\/en\/wp-json\/wp\/v2\/users\/1"}],"replies":[{"embeddable":true,"href":"https:\/\/leblicqdeco.es\/en\/wp-json\/wp\/v2\/comments?post=70"}],"version-history":[{"count":0,"href":"https:\/\/leblicqdeco.es\/en\/wp-json\/wp\/v2\/pages\/70\/revisions"}],"wp:attachment":[{"href":"https:\/\/leblicqdeco.es\/en\/wp-json\/wp\/v2\/media?parent=70"}],"curies":[{"name":"wp","href":"https:\/\/api.w.org\/{rel}","templated":true}]}}